{"id":479,"date":"2025-06-25T08:09:04","date_gmt":"2025-06-25T08:09:04","guid":{"rendered":"https:\/\/brainspectrum.dk\/?page_id=479"},"modified":"2025-07-12T11:30:07","modified_gmt":"2025-07-12T11:30:07","slug":"forside-aitia","status":"publish","type":"page","link":"https:\/\/brainspectrum.dk\/","title":{"rendered":"AITIA"},"content":{"rendered":"<p><img decoding=\"async\" class=\" wp-image-1152 aligncenter\" src=\"https:\/\/brainspectrum.dk\/wp-content\/uploads\/2025\/07\/AITIA-graablaa-300x127.png\" alt=\"\" width=\"106\" height=\"45\" srcset=\"https:\/\/brainspectrum.dk\/wp-content\/uploads\/2025\/07\/AITIA-graablaa-300x127.png 300w, https:\/\/brainspectrum.dk\/wp-content\/uploads\/2025\/07\/AITIA-graablaa.png 519w\" sizes=\"(max-width: 106px) 100vw, 106px\" \/><\/p>\n<p>Ordet <em>Aitia<\/em> stammer fra oldgr\u00e6sk og betyder &#8220;\u00e5rsag&#8221; eller &#8220;forklaring&#8221;. Allerede i antikkens filosofi blev begrebet brugt til at forst\u00e5 de bagvedliggende \u00e5rsager til menneskers handlinger og reaktioner. Bag belastningsreaktioner ligger der altid \u00e5rsager, der er afg\u00f8rende at identificere. F\u00f8rst n\u00e5r vi forst\u00e5r sammenh\u00e6ngene bag symptomerne, kan vi skabe reel forandring.<\/p>\n<p>Jeg er optaget af den rolle, man som for\u00e6lder har, n\u00e5r ens barn lever med psykisk sygdom. Det er afg\u00f8rende, at for\u00e6ldre kan blive ved med at v\u00e6re netop for\u00e6ldre \u2014 og ikke bliver behandlere for deres eget barn. Den balance er vigtig b\u00e5de for barnet, for familien og for den professionelle indsats.<\/p>\n<p>&nbsp;<\/p>\n","protected":false},"excerpt":{"rendered":"<p>Ordet Aitia stammer fra oldgr\u00e6sk og betyder &#8220;\u00e5rsag&#8221; eller &#8220;forklaring&#8221;. Allerede i antikkens filosofi blev begrebet brugt til at forst\u00e5 de bagvedliggende \u00e5rsager til menneskers handlinger og reaktioner. Bag belastningsreaktioner ligger der altid \u00e5rsager, der er afg\u00f8rende at identificere. F\u00f8rst n\u00e5r vi forst\u00e5r sammenh\u00e6ngene bag symptomerne, kan vi skabe reel forandring. Jeg er optaget af [&hellip;]<\/p>\n","protected":false},"author":1,"featured_media":0,"parent":0,"menu_order":0,"comment_status":"closed","ping_status":"closed","template":"elementor_theme","meta":{"ocean_post_layout":"","ocean_both_sidebars_style":"","ocean_both_sidebars_content_width":25,"ocean_both_sidebars_sidebars_width":25,"ocean_sidebar":"0","ocean_second_sidebar":"0","ocean_disable_margins":"enable","ocean_add_body_class":"","ocean_shortcode_before_top_bar":"","ocean_shortcode_after_top_bar":"","ocean_shortcode_before_header":"","ocean_shortcode_after_header":"","ocean_has_shortcode":"","ocean_shortcode_after_title":"","ocean_shortcode_before_footer_widgets":"","ocean_shortcode_after_footer_widgets":"","ocean_shortcode_before_footer_bottom":"","ocean_shortcode_after_footer_bottom":"","ocean_display_top_bar":"default","ocean_display_header":"default","ocean_header_style":"","ocean_center_header_left_menu":"0","ocean_custom_header_template":"0","ocean_custom_logo":865,"ocean_custom_retina_logo":0,"ocean_custom_logo_max_width":0,"ocean_custom_logo_tablet_max_width":0,"ocean_custom_logo_mobile_max_width":0,"ocean_custom_logo_max_height":0,"ocean_custom_logo_tablet_max_height":0,"ocean_custom_logo_mobile_max_height":0,"ocean_header_custom_menu":"47","ocean_menu_typo_font_family":"Barlow","ocean_menu_typo_font_subset":"","ocean_menu_typo_font_size":15,"ocean_menu_typo_font_size_tablet":0,"ocean_menu_typo_font_size_mobile":0,"ocean_menu_typo_font_size_unit":"px","ocean_menu_typo_font_weight":"600","ocean_menu_typo_font_weight_tablet":"","ocean_menu_typo_font_weight_mobile":"","ocean_menu_typo_transform":"","ocean_menu_typo_transform_tablet":"","ocean_menu_typo_transform_mobile":"","ocean_menu_typo_line_height":0,"ocean_menu_typo_line_height_tablet":0,"ocean_menu_typo_line_height_mobile":0,"ocean_menu_typo_line_height_unit":"","ocean_menu_typo_spacing":0,"ocean_menu_typo_spacing_tablet":0,"ocean_menu_typo_spacing_mobile":0,"ocean_menu_typo_spacing_unit":"","ocean_menu_link_color":"","ocean_menu_link_color_hover":"","ocean_menu_link_color_active":"","ocean_menu_link_background":"","ocean_menu_link_hover_background":"","ocean_menu_link_active_background":"","ocean_menu_social_links_bg":"","ocean_menu_social_hover_links_bg":"","ocean_menu_social_links_color":"","ocean_menu_social_hover_links_color":"","ocean_disable_title":"default","ocean_disable_heading":"on","ocean_post_title":"","ocean_post_subheading":"","ocean_post_title_style":"default","ocean_post_title_background_color":"","ocean_post_title_background":0,"ocean_post_title_bg_image_position":"","ocean_post_title_bg_image_attachment":"","ocean_post_title_bg_image_repeat":"","ocean_post_title_bg_image_size":"","ocean_post_title_height":0,"ocean_post_title_bg_overlay":0.5,"ocean_post_title_bg_overlay_color":"","ocean_disable_breadcrumbs":"default","ocean_breadcrumbs_color":"","ocean_breadcrumbs_separator_color":"","ocean_breadcrumbs_links_color":"","ocean_breadcrumbs_links_hover_color":"","ocean_display_footer_widgets":"default","ocean_display_footer_bottom":"default","ocean_custom_footer_template":"0","footnotes":""},"class_list":["post-479","page","type-page","status-publish","hentry","entry"],"yoast_head":"<!-- This site is optimized with the Yoast SEO plugin v27.5 - https:\/\/yoast.com\/product\/yoast-seo-wordpress\/ -->\n<title>AITIA - AITIA<\/title>\n<meta name=\"description\" content=\"AITIA -om at forst\u00e5 de bagvedliggende \u00e5rsager til belastningsreaktioner, psykisk sygdom,\" \/>\n<meta name=\"robots\" content=\"index, follow, max-snippet:-1, max-image-preview:large, max-video-preview:-1\" \/>\n<link rel=\"canonical\" href=\"https:\/\/brainspectrum.dk\/\" \/>\n<meta property=\"og:locale\" content=\"da_DK\" \/>\n<meta property=\"og:type\" content=\"article\" \/>\n<meta property=\"og:title\" content=\"AITIA - AITIA\" \/>\n<meta property=\"og:description\" content=\"AITIA -om at forst\u00e5 de bagvedliggende \u00e5rsager til belastningsreaktioner, psykisk sygdom,\" \/>\n<meta property=\"og:url\" content=\"https:\/\/brainspectrum.dk\/\" \/>\n<meta property=\"og:site_name\" content=\"AITIA\" \/>\n<meta property=\"article:modified_time\" content=\"2025-07-12T11:30:07+00:00\" \/>\n<meta property=\"og:image\" content=\"https:\/\/brainspectrum.dk\/wp-content\/uploads\/2025\/07\/AITIA-graablaa.png\" \/>\n\t<meta property=\"og:image:width\" content=\"519\" \/>\n\t<meta property=\"og:image:height\" content=\"219\" \/>\n\t<meta property=\"og:image:type\" content=\"image\/png\" \/>\n<meta name=\"twitter:card\" content=\"summary_large_image\" \/>\n<meta name=\"twitter:label1\" content=\"Estimeret l\u00e6setid\" \/>\n\t<meta name=\"twitter:data1\" content=\"1 minut\" \/>\n<script type=\"application\/ld+json\" class=\"yoast-schema-graph\">{\"@context\":\"https:\\\/\\\/schema.org\",\"@graph\":[{\"@type\":\"WebPage\",\"@id\":\"https:\\\/\\\/brainspectrum.dk\\\/\",\"url\":\"https:\\\/\\\/brainspectrum.dk\\\/\",\"name\":\"AITIA - AITIA\",\"isPartOf\":{\"@id\":\"https:\\\/\\\/brainspectrum.dk\\\/#website\"},\"primaryImageOfPage\":{\"@id\":\"https:\\\/\\\/brainspectrum.dk\\\/#primaryimage\"},\"image\":{\"@id\":\"https:\\\/\\\/brainspectrum.dk\\\/#primaryimage\"},\"thumbnailUrl\":\"https:\\\/\\\/brainspectrum.dk\\\/wp-content\\\/uploads\\\/2025\\\/07\\\/AITIA-graablaa-300x127.png\",\"datePublished\":\"2025-06-25T08:09:04+00:00\",\"dateModified\":\"2025-07-12T11:30:07+00:00\",\"description\":\"AITIA -om at forst\u00e5 de bagvedliggende \u00e5rsager til belastningsreaktioner, psykisk sygdom,\",\"breadcrumb\":{\"@id\":\"https:\\\/\\\/brainspectrum.dk\\\/#breadcrumb\"},\"inLanguage\":\"da-DK\",\"potentialAction\":[{\"@type\":\"ReadAction\",\"target\":[\"https:\\\/\\\/brainspectrum.dk\\\/\"]}]},{\"@type\":\"ImageObject\",\"inLanguage\":\"da-DK\",\"@id\":\"https:\\\/\\\/brainspectrum.dk\\\/#primaryimage\",\"url\":\"https:\\\/\\\/brainspectrum.dk\\\/wp-content\\\/uploads\\\/2025\\\/07\\\/AITIA-graablaa.png\",\"contentUrl\":\"https:\\\/\\\/brainspectrum.dk\\\/wp-content\\\/uploads\\\/2025\\\/07\\\/AITIA-graablaa.png\",\"width\":519,\"height\":219},{\"@type\":\"BreadcrumbList\",\"@id\":\"https:\\\/\\\/brainspectrum.dk\\\/#breadcrumb\",\"itemListElement\":[{\"@type\":\"ListItem\",\"position\":1,\"name\":\"Hjem\",\"item\":\"https:\\\/\\\/brainspectrum.dk\\\/\"},{\"@type\":\"ListItem\",\"position\":2,\"name\":\"AITIA\"}]},{\"@type\":\"WebSite\",\"@id\":\"https:\\\/\\\/brainspectrum.dk\\\/#website\",\"url\":\"https:\\\/\\\/brainspectrum.dk\\\/\",\"name\":\"AITIA\",\"description\":\"\",\"publisher\":{\"@id\":\"https:\\\/\\\/brainspectrum.dk\\\/#organization\"},\"potentialAction\":[{\"@type\":\"SearchAction\",\"target\":{\"@type\":\"EntryPoint\",\"urlTemplate\":\"https:\\\/\\\/brainspectrum.dk\\\/?s={search_term_string}\"},\"query-input\":{\"@type\":\"PropertyValueSpecification\",\"valueRequired\":true,\"valueName\":\"search_term_string\"}}],\"inLanguage\":\"da-DK\"},{\"@type\":\"Organization\",\"@id\":\"https:\\\/\\\/brainspectrum.dk\\\/#organization\",\"name\":\"AITIA\",\"url\":\"https:\\\/\\\/brainspectrum.dk\\\/\",\"logo\":{\"@type\":\"ImageObject\",\"inLanguage\":\"da-DK\",\"@id\":\"https:\\\/\\\/brainspectrum.dk\\\/#\\\/schema\\\/logo\\\/image\\\/\",\"url\":\"https:\\\/\\\/brainspectrum.dk\\\/wp-content\\\/uploads\\\/2025\\\/07\\\/Logo-graablaa.png\",\"contentUrl\":\"https:\\\/\\\/brainspectrum.dk\\\/wp-content\\\/uploads\\\/2025\\\/07\\\/Logo-graablaa.png\",\"width\":392,\"height\":398,\"caption\":\"AITIA\"},\"image\":{\"@id\":\"https:\\\/\\\/brainspectrum.dk\\\/#\\\/schema\\\/logo\\\/image\\\/\"}}]}<\/script>\n<!-- \/ Yoast SEO plugin. -->","yoast_head_json":{"title":"AITIA - AITIA","description":"AITIA -om at forst\u00e5 de bagvedliggende \u00e5rsager til belastningsreaktioner, psykisk sygdom,","robots":{"index":"index","follow":"follow","max-snippet":"max-snippet:-1","max-image-preview":"max-image-preview:large","max-video-preview":"max-video-preview:-1"},"canonical":"https:\/\/brainspectrum.dk\/","og_locale":"da_DK","og_type":"article","og_title":"AITIA - AITIA","og_description":"AITIA -om at forst\u00e5 de bagvedliggende \u00e5rsager til belastningsreaktioner, psykisk sygdom,","og_url":"https:\/\/brainspectrum.dk\/","og_site_name":"AITIA","article_modified_time":"2025-07-12T11:30:07+00:00","og_image":[{"width":519,"height":219,"url":"https:\/\/brainspectrum.dk\/wp-content\/uploads\/2025\/07\/AITIA-graablaa.png","type":"image\/png"}],"twitter_card":"summary_large_image","twitter_misc":{"Estimeret l\u00e6setid":"1 minut"},"schema":{"@context":"https:\/\/schema.org","@graph":[{"@type":"WebPage","@id":"https:\/\/brainspectrum.dk\/","url":"https:\/\/brainspectrum.dk\/","name":"AITIA - AITIA","isPartOf":{"@id":"https:\/\/brainspectrum.dk\/#website"},"primaryImageOfPage":{"@id":"https:\/\/brainspectrum.dk\/#primaryimage"},"image":{"@id":"https:\/\/brainspectrum.dk\/#primaryimage"},"thumbnailUrl":"https:\/\/brainspectrum.dk\/wp-content\/uploads\/2025\/07\/AITIA-graablaa-300x127.png","datePublished":"2025-06-25T08:09:04+00:00","dateModified":"2025-07-12T11:30:07+00:00","description":"AITIA -om at forst\u00e5 de bagvedliggende \u00e5rsager til belastningsreaktioner, psykisk sygdom,","breadcrumb":{"@id":"https:\/\/brainspectrum.dk\/#breadcrumb"},"inLanguage":"da-DK","potentialAction":[{"@type":"ReadAction","target":["https:\/\/brainspectrum.dk\/"]}]},{"@type":"ImageObject","inLanguage":"da-DK","@id":"https:\/\/brainspectrum.dk\/#primaryimage","url":"https:\/\/brainspectrum.dk\/wp-content\/uploads\/2025\/07\/AITIA-graablaa.png","contentUrl":"https:\/\/brainspectrum.dk\/wp-content\/uploads\/2025\/07\/AITIA-graablaa.png","width":519,"height":219},{"@type":"BreadcrumbList","@id":"https:\/\/brainspectrum.dk\/#breadcrumb","itemListElement":[{"@type":"ListItem","position":1,"name":"Hjem","item":"https:\/\/brainspectrum.dk\/"},{"@type":"ListItem","position":2,"name":"AITIA"}]},{"@type":"WebSite","@id":"https:\/\/brainspectrum.dk\/#website","url":"https:\/\/brainspectrum.dk\/","name":"AITIA","description":"","publisher":{"@id":"https:\/\/brainspectrum.dk\/#organization"},"potentialAction":[{"@type":"SearchAction","target":{"@type":"EntryPoint","urlTemplate":"https:\/\/brainspectrum.dk\/?s={search_term_string}"},"query-input":{"@type":"PropertyValueSpecification","valueRequired":true,"valueName":"search_term_string"}}],"inLanguage":"da-DK"},{"@type":"Organization","@id":"https:\/\/brainspectrum.dk\/#organization","name":"AITIA","url":"https:\/\/brainspectrum.dk\/","logo":{"@type":"ImageObject","inLanguage":"da-DK","@id":"https:\/\/brainspectrum.dk\/#\/schema\/logo\/image\/","url":"https:\/\/brainspectrum.dk\/wp-content\/uploads\/2025\/07\/Logo-graablaa.png","contentUrl":"https:\/\/brainspectrum.dk\/wp-content\/uploads\/2025\/07\/Logo-graablaa.png","width":392,"height":398,"caption":"AITIA"},"image":{"@id":"https:\/\/brainspectrum.dk\/#\/schema\/logo\/image\/"}}]}},"featured_media_urls":[],"_links":{"self":[{"href":"https:\/\/brainspectrum.dk\/index.php\/wp-json\/wp\/v2\/pages\/479","targetHints":{"allow":["GET"]}}],"collection":[{"href":"https:\/\/brainspectrum.dk\/index.php\/wp-json\/wp\/v2\/pages"}],"about":[{"href":"https:\/\/brainspectrum.dk\/index.php\/wp-json\/wp\/v2\/types\/page"}],"author":[{"embeddable":true,"href":"https:\/\/brainspectrum.dk\/index.php\/wp-json\/wp\/v2\/users\/1"}],"replies":[{"embeddable":true,"href":"https:\/\/brainspectrum.dk\/index.php\/wp-json\/wp\/v2\/comments?post=479"}],"version-history":[{"count":28,"href":"https:\/\/brainspectrum.dk\/index.php\/wp-json\/wp\/v2\/pages\/479\/revisions"}],"predecessor-version":[{"id":1164,"href":"https:\/\/brainspectrum.dk\/index.php\/wp-json\/wp\/v2\/pages\/479\/revisions\/1164"}],"wp:attachment":[{"href":"https:\/\/brainspectrum.dk\/index.php\/wp-json\/wp\/v2\/media?parent=479"}],"curies":[{"name":"wp","href":"https:\/\/api.w.org\/{rel}","templated":true}]}}